{"id":225,"date":"2018-12-24T13:34:54","date_gmt":"2018-12-24T13:34:54","guid":{"rendered":"http:\/\/regularize-se.com.br\/?page_id=225"},"modified":"2018-12-26T19:34:22","modified_gmt":"2018-12-26T19:34:22","slug":"servicos-junto-a-receita-federal-sefaz-e-prefeitura","status":"publish","type":"page","link":"https:\/\/regularize-se.com.br\/?page_id=225","title":{"rendered":"Servi\u00e7os Junto a Receita Federal \/ SEFAZ e Prefeitura"},"content":{"rendered":"\n<p>Levantamento de d\u00e9bitos, parcelamentos, cadastro ecac, certificados digitais.  Pessoa F\u00edsica e Pessoa Jur\u00eddica, abrangendo grandes organiza\u00e7\u00f5es empresariais, Bancos, Imobili\u00e1rias, Advogados, Contadores, Corretores de Im\u00f3veis e profissionais afins, cujos servi\u00e7os s\u00e3o entregues em endere\u00e7o de sua conveni\u00eancia.<\/p>\n\n\n\n<ul><li>Busca de bens <\/li><li>Relat\u00f3rio SERASA <\/li><\/ul>\n","protected":false},"excerpt":{"rendered":"<p>Levantamento de d\u00e9bitos, parcelamentos, cadastro ecac, certificados digitais. Pessoa F\u00edsica e Pessoa Jur\u00eddica, abrangendo grandes organiza\u00e7\u00f5es empresariais, Bancos, Imobili\u00e1rias, Advogados, Contadores, Corretores de Im\u00f3veis e profissionais afins, cujos servi\u00e7os s\u00e3o &#8230;<\/p>\n","protected":false},"author":1,"featured_media":0,"parent":0,"menu_order":0,"comment_status":"closed","ping_status":"closed","template":"","meta":[],"_links":{"self":[{"href":"https:\/\/regularize-se.com.br\/index.php?rest_route=\/wp\/v2\/pages\/225"}],"collection":[{"href":"https:\/\/regularize-se.com.br\/index.php?rest_route=\/wp\/v2\/pages"}],"about":[{"href":"https:\/\/regularize-se.com.br\/index.php?rest_route=\/wp\/v2\/types\/page"}],"author":[{"embeddable":true,"href":"https:\/\/regularize-se.com.br\/index.php?rest_route=\/wp\/v2\/users\/1"}],"replies":[{"embeddable":true,"href":"https:\/\/regularize-se.com.br\/index.php?rest_route=%2Fwp%2Fv2%2Fcomments&post=225"}],"version-history":[{"count":3,"href":"https:\/\/regularize-se.com.br\/index.php?rest_route=\/wp\/v2\/pages\/225\/revisions"}],"predecessor-version":[{"id":236,"href":"https:\/\/regularize-se.com.br\/index.php?rest_route=\/wp\/v2\/pages\/225\/revisions\/236"}],"wp:attachment":[{"href":"https:\/\/regularize-se.com.br\/index.php?rest_route=%2Fwp%2Fv2%2Fmedia&parent=225"}],"curies":[{"name":"wp","href":"https:\/\/api.w.org\/{rel}","templated":true}]}}