{"id":103,"date":"2018-09-25T02:22:49","date_gmt":"2018-09-25T02:22:49","guid":{"rendered":"http:\/\/regularize-se.com.br\/?page_id=103"},"modified":"2018-09-25T02:22:49","modified_gmt":"2018-09-25T02:22:49","slug":"encerramento-de-empresa","status":"publish","type":"page","link":"https:\/\/regularize-se.com.br\/?page_id=103","title":{"rendered":"Encerramento de empresa"},"content":{"rendered":"<p>N\u00e3o tenha dor de cabe\u00e7a, esta pensando em encerrar sua empresa, podemo lhe ajudar.<\/p>\n<p>Entre agora mesmo em contato, cuidaremos de tudo para que voc\u00ea n\u00e3o precise se preocupar, profissionais preparados ter\u00e3o o prazer em lhe ajudar.<\/p>\n<p>Se voc\u00ea procura por outros servi\u00e7os como:<\/p>\n<p>&nbsp;<\/p>\n<ul>\n<li>Altera\u00e7\u00e3o de contrato<\/li>\n<li>Pagamentos de taxas como DARE, DARF e etc<\/li>\n<li>Licen\u00e7as, corpo de bombeiros, ambientais CETESB, Vigil\u00e2ncia Sanit\u00e1ria entre outras<\/li>\n<\/ul>\n<p>&nbsp;<\/p>\n<p>Entre em contato agora mesmo<\/p>\n","protected":false},"excerpt":{"rendered":"<p>N\u00e3o tenha dor de cabe\u00e7a, esta pensando em encerrar sua empresa, podemo lhe ajudar. Entre agora mesmo em contato, cuidaremos de tudo para que voc\u00ea n\u00e3o precise se preocupar, profissionais &#8230;<\/p>\n","protected":false},"author":1,"featured_media":0,"parent":0,"menu_order":0,"comment_status":"closed","ping_status":"closed","template":"","meta":[],"_links":{"self":[{"href":"https:\/\/regularize-se.com.br\/index.php?rest_route=\/wp\/v2\/pages\/103"}],"collection":[{"href":"https:\/\/regularize-se.com.br\/index.php?rest_route=\/wp\/v2\/pages"}],"about":[{"href":"https:\/\/regularize-se.com.br\/index.php?rest_route=\/wp\/v2\/types\/page"}],"author":[{"embeddable":true,"href":"https:\/\/regularize-se.com.br\/index.php?rest_route=\/wp\/v2\/users\/1"}],"replies":[{"embeddable":true,"href":"https:\/\/regularize-se.com.br\/index.php?rest_route=%2Fwp%2Fv2%2Fcomments&post=103"}],"version-history":[{"count":1,"href":"https:\/\/regularize-se.com.br\/index.php?rest_route=\/wp\/v2\/pages\/103\/revisions"}],"predecessor-version":[{"id":104,"href":"https:\/\/regularize-se.com.br\/index.php?rest_route=\/wp\/v2\/pages\/103\/revisions\/104"}],"wp:attachment":[{"href":"https:\/\/regularize-se.com.br\/index.php?rest_route=%2Fwp%2Fv2%2Fmedia&parent=103"}],"curies":[{"name":"wp","href":"https:\/\/api.w.org\/{rel}","templated":true}]}}