{"id":101,"date":"2018-09-25T02:17:15","date_gmt":"2018-09-25T02:17:15","guid":{"rendered":"http:\/\/regularize-se.com.br\/?page_id=101"},"modified":"2018-09-25T11:44:59","modified_gmt":"2018-09-25T11:44:59","slug":"abertura-de-empresa","status":"publish","type":"page","link":"https:\/\/regularize-se.com.br\/?page_id=101","title":{"rendered":"Abertura de empresa"},"content":{"rendered":"<p>Voc\u00ea empreendedor, sabemos que voc\u00ea tem muito trabalho pela frente e desde j\u00e1 estamos aqui para lhe ajudar.<br \/>\nN\u00e3o importa o tamanho do seu novo empreendimento, temos sempre a melhor solu\u00e7\u00e3o para voc\u00ea.<\/p>\n<p>Deseja abrir uma empresa mas est\u00e1 preocupado com a burocracia?<\/p>\n<p>Com base na an\u00e1lise de nossos consultores iremos sugerir o melhor CNAE para sua empresa no intuito de reduzir tributos e impostos.<\/p>\n<p>Preparamos toda a documenta\u00e7\u00e3o para darmos entrada ao inicio da sua empresa.<\/p>\n<p>N\u00e3o s\u00f3 neste inicio mas conte com o nosso suporte sempre que precisar.<\/p>\n<p>Ajudamos voc\u00ea com diversas solu\u00e7\u00f5es envolvendo a abertura da sua empresa.<\/p>\n<ul>\n<li>Cria\u00e7\u00e3o da empresa CNPJ<\/li>\n<li>Registro em \u00f3rg\u00e3os reguladores<\/li>\n<li>Registro de dom\u00ednio de internet<\/li>\n<li>Regulariza\u00e7\u00e3o contratual<\/li>\n<\/ul>\n<p>Entre em contato agora mesmo<\/p>\n<p>Se voc\u00ea voc\u00ea j\u00e1 \u00e9 empres\u00e1rio e esta com alguma dificuldade conhe\u00e7a os nossos outros servi\u00e7os<\/p>\n","protected":false},"excerpt":{"rendered":"<p>Voc\u00ea empreendedor, sabemos que voc\u00ea tem muito trabalho pela frente e desde j\u00e1 estamos aqui para lhe ajudar. N\u00e3o importa o tamanho do seu novo empreendimento, temos sempre a melhor &#8230;<\/p>\n","protected":false},"author":1,"featured_media":0,"parent":0,"menu_order":0,"comment_status":"closed","ping_status":"closed","template":"","meta":[],"_links":{"self":[{"href":"https:\/\/regularize-se.com.br\/index.php?rest_route=\/wp\/v2\/pages\/101"}],"collection":[{"href":"https:\/\/regularize-se.com.br\/index.php?rest_route=\/wp\/v2\/pages"}],"about":[{"href":"https:\/\/regularize-se.com.br\/index.php?rest_route=\/wp\/v2\/types\/page"}],"author":[{"embeddable":true,"href":"https:\/\/regularize-se.com.br\/index.php?rest_route=\/wp\/v2\/users\/1"}],"replies":[{"embeddable":true,"href":"https:\/\/regularize-se.com.br\/index.php?rest_route=%2Fwp%2Fv2%2Fcomments&post=101"}],"version-history":[{"count":3,"href":"https:\/\/regularize-se.com.br\/index.php?rest_route=\/wp\/v2\/pages\/101\/revisions"}],"predecessor-version":[{"id":120,"href":"https:\/\/regularize-se.com.br\/index.php?rest_route=\/wp\/v2\/pages\/101\/revisions\/120"}],"wp:attachment":[{"href":"https:\/\/regularize-se.com.br\/index.php?rest_route=%2Fwp%2Fv2%2Fmedia&parent=101"}],"curies":[{"name":"wp","href":"https:\/\/api.w.org\/{rel}","templated":true}]}}